{"id":463,"date":"2021-01-26T10:08:02","date_gmt":"2021-01-26T10:08:02","guid":{"rendered":"http:\/\/patipati.lt\/?page_id=463"},"modified":"2024-12-15T14:59:36","modified_gmt":"2024-12-15T11:59:36","slug":"informacija-pirkejams","status":"publish","type":"page","link":"https:\/\/patipati.lt\/lv\/informacija-pirkejams\/","title":{"rendered":"Gr\u0105\u017einimas ir keitimas"},"content":{"rendered":"<h1>Gr\u0105\u017einimas \/ keitimas<\/h1>\n<p>Gr\u0105\u017einti prekes, \u012fsigytas patipati.lt elektronin\u0117je parduotuv\u0117je, ir atgauti sumok\u0117tus pinigus ar pakeisti prek\u0117s dyd\u012f yra visi\u0161kai paprasta.\u00a0<\/p>\n<p>Kartu su u\u017esakytomis prek\u0117mis pirk\u0117jas gauna prek\u0117s gr\u0105\u017einimo \/ keitimo pra\u0161ym\u0105. Jei elektronin\u0117je parduotuv\u0117je patipati.lt pirkta prek\u0117 netiko, u\u017epildyt\u0105 prek\u0117s gr\u0105\u017einimo \/ keitimo pra\u0161ym\u0105\u00a0turite atsi\u0173sti kartu su gr\u0105\u017einama preke.\u00a0Gr\u0105\u017einti ar pakeisti netikusias prekes galite per 14 kalendorini\u0173 dien\u0173 nuo prek\u0117s pristatymo dienos. Prek\u0117s gr\u0105\u017einimo \/ keitimo prie\u017easties nurodyti neb\u016btina.\u00a0<\/p>\n<p>Prekes, pirktas elektronin\u0117je parduotuv\u0117je patipati.lt, per 14 kalendorini\u0173 dien\u0173 nuo prek\u0117s pristatymo dienos.\u00a0<\/p>\n<p><strong>galima gr\u0105\u017einti ar pakeisti:<\/strong><\/p>\n<ul>\n<li>jei prek\u0117s nebuvo d\u0117v\u0117tos, kitaip pa\u017eeistos, prek\u0117s yra nesugadintos ir nepraradusios savo prekin\u0117s i\u0161vaizdos bei vert\u0117s;<\/li>\n<li>tik originalioje gamintojo pakuot\u0117je su visomis prisegtomis ir nesugadintomis etiket\u0117mis.<\/li>\n<\/ul>\n<p><strong>Gr\u0105\u017einti negalima tik apatini\u0173 aksesuarus.<\/strong><\/p>\n<p><strong>Prekes galima gr\u0105\u017einti:<\/strong><\/p>\n<ul>\n<li>\u00a0\u012f LP Express pa\u0161tomat\u0105: PC Panorama, Saltoni\u0161ki\u0173 g. 9, Vilnius;<\/li>\n<li>\u012f fizines PatiPati parduotuves j\u0173 darbo metu Vilniuje: PC \u201ePanorama\u201c arba Vokie\u010di\u0173 g. 16; Kaune, Laisv\u0117s al. 101. Tai pats papras\u010diausias b\u016bdas tiesiog atne\u0161ti prekes \u012f parduotuv\u0119 kartu su u\u017epildytu gr\u0105\u017einimo \/ keitimo pra\u0161ymu.<\/li>\n<\/ul>\n<p>Preki\u0173 gr\u0105\u017einimo i\u0161laidas padengia pirk\u0117jas.<\/p>\n<p>Vykdant preki\u0173 keitim\u0105, prekes pardav\u0117jas pirk\u0117jui siun\u010dia nemokamai VIEN\u0104 KART\u0104. \u00a0<\/p>\n<p>Jei gr\u0105\u017eintos prek\u0117s atitinka gr\u0105\u017einimo taisykl\u0117se nustatytus reikalavimus, pardav\u0117jas \u012fsipareigoja pakeisti prekes arba gr\u0105\u017einti u\u017e jas pirk\u0117jo sumok\u0117tus pinigus.<\/p>\n<p>Prek\u0119 galima pakeisti tik \u012f to paties modelio kit\u0105 dyd\u012f.<\/p>\n<p>U\u017e preki\u0173 pristatym\u0105 pinigai n\u0117ra gr\u0105\u017einami. Iki gr\u0105\u017einamos prek\u0117s \u012fteikimo Pardav\u0117jui, prek\u0117s dingimo ar sugadinimo rizika tenka Pirk\u0117jui.<\/p>\n<p><strong>U\u017esakymo at\u0161aukimas ir gr\u0105\u017einimas, perkant dovan\u0173 \u010deki\u0173:<\/strong><\/p>\n<p>U\u017esakymo at\u0161aukimo ir gr\u0105\u017einimo atveju pinigai gr\u012f\u0161 \u012f t\u0105 pat\u012f dovan\u0173 \u010dek\u012f, kuriuo apmok\u0117jote u\u017esakym\u0105, tod\u0117l perkant prekes su dovan\u0173 \u010dekiu, pra\u0161ome j\u012f i\u0161saugoti, kol \u012fsitikinsite, kad prek\u0117s Jums yra tinkamos. Nes pirk\u0117jui bus gr\u0105\u017einamas tos pa\u010dios vert\u0117s dovan\u0173 \u010dekis.<\/p>\n","protected":false},"excerpt":{"rendered":"<p>Gr\u0105\u017einimas \/ keitimas Gr\u0105\u017einti prekes, \u012fsigytas patipati.lt elektronin\u0117je parduotuv\u0117je, ir atgauti sumok\u0117tus pinigus ar pakeisti prek\u0117s dyd\u012f yra visi\u0161kai paprasta.\u00a0 Kartu su u\u017esakytomis prek\u0117mis pirk\u0117jas gauna prek\u0117s gr\u0105\u017einimo \/ keitimo pra\u0161ym\u0105. Jei elektronin\u0117je parduotuv\u0117je patipati.lt pirkta prek\u0117 netiko, u\u017epildyt\u0105 prek\u0117s gr\u0105\u017einimo \/ keitimo pra\u0161ym\u0105\u00a0turite atsi\u0173sti kartu su gr\u0105\u017einama preke.\u00a0Gr\u0105\u017einti ar pakeisti netikusias prekes galite per [&hellip;]<\/p>\n","protected":false},"author":83,"featured_media":0,"parent":0,"menu_order":0,"comment_status":"closed","ping_status":"closed","template":"elementor_header_footer","meta":{"_gspb_post_css":"","_kad_blocks_custom_css":"","_kad_blocks_head_custom_js":"","_kad_blocks_body_custom_js":"","_kad_blocks_footer_custom_js":"","footnotes":""},"class_list":["post-463","page","type-page","status-publish","hentry"],"blocksy_meta":[],"taxonomy_info":[],"featured_image_src_large":false,"author_info":{"display_name":"Agne Ambrasaite","author_link":"https:\/\/patipati.lt\/lv\/author\/testas-vip\/"},"comment_info":0,"_links":{"self":[{"href":"https:\/\/patipati.lt\/lv\/wp-json\/wp\/v2\/pages\/463","targetHints":{"allow":["GET"]}}],"collection":[{"href":"https:\/\/patipati.lt\/lv\/wp-json\/wp\/v2\/pages"}],"about":[{"href":"https:\/\/patipati.lt\/lv\/wp-json\/wp\/v2\/types\/page"}],"author":[{"embeddable":true,"href":"https:\/\/patipati.lt\/lv\/wp-json\/wp\/v2\/users\/83"}],"replies":[{"embeddable":true,"href":"https:\/\/patipati.lt\/lv\/wp-json\/wp\/v2\/comments?post=463"}],"version-history":[{"count":0,"href":"https:\/\/patipati.lt\/lv\/wp-json\/wp\/v2\/pages\/463\/revisions"}],"wp:attachment":[{"href":"https:\/\/patipati.lt\/lv\/wp-json\/wp\/v2\/media?parent=463"}],"curies":[{"name":"wp","href":"https:\/\/api.w.org\/{rel}","templated":true}]}}