{"id":443,"date":"2021-01-26T10:03:52","date_gmt":"2021-01-26T10:03:52","guid":{"rendered":"http:\/\/patipati.lt\/?page_id=443"},"modified":"2023-01-31T15:48:00","modified_gmt":"2023-01-31T12:48:00","slug":"naudinga-informacija","status":"publish","type":"page","link":"https:\/\/patipati.lt\/lv\/naudinga-informacija\/","title":{"rendered":"Naudinga informacija"},"content":{"rendered":"<style>\/*! elementor - v3.10.2 - 29-01-2023 *\/\n.elementor-heading-title{padding:0;margin:0;line-height:1}.elementor-widget-heading .elementor-heading-title[class*=elementor-size-]>a{color:inherit;font-size:inherit;line-height:inherit}.elementor-widget-heading .elementor-heading-title.elementor-size-small{font-size:15px}.elementor-widget-heading .elementor-heading-title.elementor-size-medium{font-size:19px}.elementor-widget-heading .elementor-heading-title.elementor-size-large{font-size:29px}.elementor-widget-heading .elementor-heading-title.elementor-size-xl{font-size:39px}.elementor-widget-heading .elementor-heading-title.elementor-size-xxl{font-size:59px}<\/style>\n<h1>Naudinga  informacija<\/h1>\n<style>\/*! elementor - v3.10.2 - 29-01-2023 *\/\n.elementor-widget-divider{--divider-border-style:none;--divider-border-width:1px;--divider-color:#2c2c2c;--divider-icon-size:20px;--divider-element-spacing:10px;--divider-pattern-height:24px;--divider-pattern-size:20px;--divider-pattern-url:none;--divider-pattern-repeat:repeat-x}.elementor-widget-divider .elementor-divider{display:flex}.elementor-widget-divider .elementor-divider__text{font-size:15px;line-height:1;max-width:95%}.elementor-widget-divider .elementor-divider__element{margin:0 var(--divider-element-spacing);flex-shrink:0}.elementor-widget-divider .elementor-icon{font-size:var(--divider-icon-size)}.elementor-widget-divider .elementor-divider-separator{display:flex;margin:0;direction:ltr}.elementor-widget-divider--view-line_icon .elementor-divider-separator,.elementor-widget-divider--view-line_text .elementor-divider-separator{align-items:center}.elementor-widget-divider--view-line_icon .elementor-divider-separator:after,.elementor-widget-divider--view-line_icon .elementor-divider-separator:before,.elementor-widget-divider--view-line_text .elementor-divider-separator:after,.elementor-widget-divider--view-line_text .elementor-divider-separator:before{display:block;content:\"\";border-bottom:0;flex-grow:1;border-top:var(--divider-border-width) var(--divider-border-style) var(--divider-color)}.elementor-widget-divider--element-align-left .elementor-divider .elementor-divider-separator>.elementor-divider__svg:first-of-type{flex-grow:0;flex-shrink:100}.elementor-widget-divider--element-align-left .elementor-divider-separator:before{content:none}.elementor-widget-divider--element-align-left .elementor-divider__element{margin-left:0}.elementor-widget-divider--element-align-right .elementor-divider .elementor-divider-separator>.elementor-divider__svg:last-of-type{flex-grow:0;flex-shrink:100}.elementor-widget-divider--element-align-right .elementor-divider-separator:after{content:none}.elementor-widget-divider--element-align-right .elementor-divider__element{margin-right:0}.elementor-widget-divider:not(.elementor-widget-divider--view-line_text):not(.elementor-widget-divider--view-line_icon) .elementor-divider-separator{border-top:var(--divider-border-width) var(--divider-border-style) var(--divider-color)}.elementor-widget-divider--separator-type-pattern{--divider-border-style:none}.elementor-widget-divider--separator-type-pattern.elementor-widget-divider--view-line .elementor-divider-separator,.elementor-widget-divider--separator-type-pattern:not(.elementor-widget-divider--view-line) .elementor-divider-separator:after,.elementor-widget-divider--separator-type-pattern:not(.elementor-widget-divider--view-line) .elementor-divider-separator:before,.elementor-widget-divider--separator-type-pattern:not([class*=elementor-widget-divider--view]) .elementor-divider-separator{width:100%;min-height:var(--divider-pattern-height);-webkit-mask-size:var(--divider-pattern-size) 100%;mask-size:var(--divider-pattern-size) 100%;-webkit-mask-repeat:var(--divider-pattern-repeat);mask-repeat:var(--divider-pattern-repeat);background-color:var(--divider-color);-webkit-mask-image:var(--divider-pattern-url);mask-image:var(--divider-pattern-url)}.elementor-widget-divider--no-spacing{--divider-pattern-size:auto}.elementor-widget-divider--bg-round{--divider-pattern-repeat:round}.rtl .elementor-widget-divider .elementor-divider__text{direction:rtl}.e-con-inner>.elementor-widget-divider,.e-con>.elementor-widget-divider{width:var(--container-widget-width);--flex-grow:var(--container-widget-flex-grow)}<\/style>\n<p><strong>\u00a0<\/strong><\/p>\n<p><strong>Kaip tinkamai i\u0161matuoti apimt\u012f po kr\u016btine?<\/strong><\/p>\n<ul>\n<li>Atsistokite tiesiai, ramiai kv\u0117puokite, J\u016bs\u0173 rankos turi b\u016bti nuleistos.<\/li>\n<li>Matuokite kr\u016btin\u0117s l\u0105st\u0105 truput\u012f \u017eemiau kr\u016bt\u0173. Centimetro juostel\u0117 turi tvirtai priglusti prie k\u016bno.<\/li>\n<li>Centimetro juostel\u0117s rodmen\u012f reikia suapvalinti \u012f ma\u017eesn\u0119 pus\u0119 iki skai\u010diaus, kuris dalijasi i\u0161 penki\u0173, t. y. 75, 80, 85. Did\u017eiausias galimas poslinkis \u2013 iki 2 cm.<\/li>\n<\/ul>\n<p><strong>Kaip tinkamai i\u0161matuoti kr\u016btin\u0117s apimt\u012f?<\/strong><\/p>\n<ul>\n<li>Pasilenkite \u012f priek\u012f tiek, kad visi kr\u016btin\u0117s audiniai kabot\u0173. Tai ypa\u010d svarbu didesn\u0119 kr\u016btin\u0119 turin\u010dioms moterims.<\/li>\n<li>Laisvai u\u017ed\u0117kite centimetro juostel\u0119 per pla\u010diausi\u0105 kr\u016btin\u0117s viet\u0105 taip, kad ji neb\u016bt\u0173 deformuota.<\/li>\n<li>Matuodama steb\u0117kite, kad centimetro juostel\u0117, esanti ties i\u0161kiliausia kr\u016btin\u0117s vieta, b\u016bt\u0173 nugaros pus\u0117je tokiame pa\u010diame auk\u0161tyje kaip ir priekyje.<\/li>\n<li>Matuojant svarbu ned\u0117v\u0117ti pakietintos liemen\u0117l\u0117s. Moterys, turin\u010dios didesn\u0119 kr\u016btin\u0119, kr\u016btin\u0117s apimt\u012f turi matuoti be liemen\u0117l\u0117s. Kitu atveju matavimo rezultatai bus netiksl\u016bs.<\/li>\n<\/ul>\n<p>Kau\u0161elio dydis nustatomas i\u0161 gauto kr\u016btin\u0117s apimties skai\u010diaus at\u0117mus apimties po kr\u016btine skai\u010di\u0173.<\/p>\n<table width=\"200\">\n<tbody>\n<tr>\n<td>\n<p>Skirtumas<br \/>centimetrais<\/p>\n<\/td>\n<td>\n<p>Kau\u0161elio dydis<\/p>\n<\/td>\n<\/tr>\n<tr>\n<td>\n<p>12\u201313 cm<\/p>\n<\/td>\n<td>\n<p>A<\/p>\n<\/td>\n<\/tr>\n<tr>\n<td>\n<p>14\u201315 cm<\/p>\n<\/td>\n<td>\n<p>B<\/p>\n<\/td>\n<\/tr>\n<tr>\n<td>\n<p>16\u201317 cm<\/p>\n<\/td>\n<td>\n<p>C<\/p>\n<\/td>\n<\/tr>\n<tr>\n<td>\n<p>18\u201319 cm<\/p>\n<\/td>\n<td>\n<p>D<\/p>\n<\/td>\n<\/tr>\n<tr>\n<td>\n<p>20\u201321 cm<\/p>\n<\/td>\n<td>\n<p>E<\/p>\n<\/td>\n<\/tr>\n<tr>\n<td>\n<p>22\u201323 cm<\/p>\n<\/td>\n<td>\n<p>F<\/p>\n<\/td>\n<\/tr>\n<tr>\n<td>\n<p>24\u201325 cm<\/p>\n<\/td>\n<td>\n<p>G<\/p>\n<\/td>\n<\/tr>\n<tr>\n<td>\n<p>26\u201327 cm<\/p>\n<\/td>\n<td>\n<p>H<\/p>\n<\/td>\n<\/tr>\n<\/tbody>\n<\/table>\n<p><strong>Diagonaliniai dyd\u017eiai<\/strong><\/p>\n<ul>\n<li>Diagonalinis dydis \u2013 tai yra kitas, ma\u017eesnis arba didesnis dydis i\u0161 dyd\u017ei\u0173 lentel\u0117s, kuris gali Jums tikti.<\/li>\n<\/ul>\n<p>\u0160io dyd\u017eio liemen\u0117l\u0119 galima ne\u0161ioti, jei reikia didesn\u0117s ar ma\u017eesn\u0117s apimties po kr\u016btine, o kau\u0161elis yra patogus.\u00a0<\/p>\n<p><strong>1. Glaustinuk\u0117s<\/strong><\/p>\n<p><strong>Glaustinuki\u0173 dyd\u017eiui nustatyti reikia i\u0161matuoti:<\/strong><\/p>\n<ul>\n<li>Apimt\u012f po kr\u016btine \u2192 pateiktas glaustinuk\u0117s dydis<\/li>\n<li>Krutin\u0117s apimt\u012f \u2192 kau\u0161elio dydis<\/li>\n<li>Liemens apimt\u012f \u2192 b\u016btina proporcij\u0173 atitiktis<\/li>\n<li>Klub\u0173 apimt\u012f \u2192 25\u201328 cm klub\u0173 pakilimas<\/li>\n<\/ul>\n<style>\/*! elementor - v3.10.2 - 29-01-2023 *\/\n.elementor-widget-image{text-align:center}.elementor-widget-image a{display:inline-block}.elementor-widget-image a img[src$=\".svg\"]{width:48px}.elementor-widget-image img{vertical-align:middle;display:inline-block}<\/style>\n<p>\t\t\t\t\t\t\t\t\t\t\t\t\t<a href=\"http:\/\/patipati.lt\/wp-content\/uploads\/2022\/07\/Diagoliniai-dydziai.png\" data-elementor-open-lightbox=\"yes\" data-elementor-lightbox-title=\"Naudinga informacija\" e-action-hash=\"#elementor-action%3Aaction%3Dlightbox%26settings%3DeyJpZCI6NTQ1NCwidXJsIjoiaHR0cHM6XC9cL3d3dy5wYXRpcGF0aS5sdFwvd3AtY29udGVudFwvdXBsb2Fkc1wvMjAyMlwvMDdcL0RpYWdvbGluaWFpLWR5ZHppYWktZTE2NzUxNjkxNjg1MjcucG5nIn0%3D\"><br \/>\n\t\t\t\t\t\t\t<img decoding=\"async\" width=\"600\" height=\"179\" src=\"http:\/\/patipati.lt\/wp-content\/uploads\/2022\/07\/Diagoliniai-dydziai-600x179.png\" alt=\"Naudinga informacija\" loading=\"lazy\" srcset=\"http:\/\/patipati.lt\/wp-content\/uploads\/2022\/07\/Diagoliniai-dydziai-e1675169168527.png 600w, http:\/\/patipati.lt\/wp-content\/uploads\/2022\/07\/Diagoliniai-dydziai-e1675169168527-300x90.png 300w, http:\/\/patipati.lt\/wp-content\/uploads\/2022\/07\/Diagoliniai-dydziai-1024x305.png 1024w, http:\/\/patipati.lt\/wp-content\/uploads\/2022\/07\/Diagoliniai-dydziai-e1675169110928-768x229.png 768w\" sizes=\"auto, (max-width: 600px) 100vw, 600px\" title=\"\">\t\t\t\t\t\t\t\t<\/a><\/p>\n<p><strong style=\"font-size: 14px;\"><br \/>Proporcijos apskai\u010diuojamos taip<\/strong>:<\/p>\n<ul>\n<li>I\u0161 apimties po kr\u016btine atimkite 5 cm, gausite liemens apimt\u012f. Prie liemens apimties prid\u0117kite 25\u201328 cm, gausite klub\u0173 apimt\u012f.<\/li>\n<li>Glaustinuk\u0117s dydis priklauso ne nuo k\u016bno dyd\u017eio, bet nuo liemens ilgio.<\/li>\n<\/ul>\n<p>Jei vir\u0161utin\u0117s k\u016bno dalies matmenys proporcingi apatin\u0117s k\u016bno dalies matmenims \u2013 apimties po kr\u016btine dydis atitinka tikr\u0105j\u012f glaustinuk\u0117s dyd\u012f.<\/p>\n<p>\t\t\t\t\t\t\t\t\t\t\t\t\t<a href=\"http:\/\/patipati.lt\/wp-content\/uploads\/2022\/05\/lentele2.png\" data-elementor-open-lightbox=\"yes\" data-elementor-lightbox-title=\"Naudinga informacija\" e-action-hash=\"#elementor-action%3Aaction%3Dlightbox%26settings%3DeyJpZCI6NDM1OCwidXJsIjoiaHR0cHM6XC9cL3d3dy5wYXRpcGF0aS5sdFwvd3AtY29udGVudFwvdXBsb2Fkc1wvMjAyMlwvMDVcL2xlbnRlbGUyLnBuZyJ9\"><br \/>\n\t\t\t\t\t\t\t<img decoding=\"async\" width=\"1024\" height=\"346\" src=\"http:\/\/patipati.lt\/wp-content\/uploads\/2022\/05\/lentele2-1024x346.png\" alt=\"Naudinga informacija\" loading=\"lazy\" srcset=\"http:\/\/patipati.lt\/wp-content\/uploads\/2022\/05\/lentele2-1024x346.png 1024w, http:\/\/patipati.lt\/wp-content\/uploads\/2022\/05\/lentele2-300x101.png 300w, http:\/\/patipati.lt\/wp-content\/uploads\/2022\/05\/lentele2-768x260.png 768w, http:\/\/patipati.lt\/wp-content\/uploads\/2022\/05\/lentele2-600x203.png 600w, http:\/\/patipati.lt\/wp-content\/uploads\/2022\/05\/lentele2.png 1159w\" sizes=\"auto, (max-width: 1024px) 100vw, 1024px\" title=\"\">\t\t\t\t\t\t\t\t<\/a><\/p>\n<p><strong>\u00a0<\/strong><\/p>\n<p><strong>Kelnait\u0117s<\/strong><\/p>\n<p><strong>Kaip tinkamai i\u0161matuoti liemens ir klub\u0173 apimtis?<\/strong><\/p>\n<ul>\n<li>Liemen\u012f matuokite ties ploniausia talijos vieta.<\/li>\n<li>Klubus matuokite ties pla\u010diausia j\u0173 vieta.<\/li>\n<li>Centimetro juostel\u0117 turi tvirtai priglusti prie k\u016bno.<\/li>\n<li>I\u0161 gauto klub\u0173 apimties dyd\u017eio at\u0117mus gaut\u0105 liemens apimties dyd\u012f, gaunamas klub\u0173 pakilimo dydis.<\/li>\n<li>Klub\u0173 pakilimo dydis netur\u0117t\u0173 b\u016bti ma\u017eesnis nei 25 cm ir didesnis nei 28 cm.<\/li>\n<li>Jei klub\u0173 pakilimo dydis atitinka nustatytas ribas \u2013 liemens apimtis atitinka tikr\u0105j\u012f kelnai\u010di\u0173 dyd\u012f.<\/li>\n<li>Jei klub\u0173 pakilimo dydis didesnis nei 28 cm \u2013 rinkit\u0117s artimiausi\u0105 didesn\u012f kelnai\u010di\u0173 dyd\u012f.<\/li>\n<li>Jei klub\u0173 pakilimo dydis ma\u017eesnis nei 25 cm \u2013 rinkit\u0117s artimiausi\u0105 ma\u017eesn\u012f kelnai\u010di\u0173 dyd\u012f.<\/li>\n<\/ul>\n<p>\t\t\t\t\t\t\t\t\t\t\t\t\t<a href=\"http:\/\/patipati.lt\/wp-content\/uploads\/2022\/05\/lentele3.png\" data-elementor-open-lightbox=\"yes\" data-elementor-lightbox-title=\"Naudinga informacija\" e-action-hash=\"#elementor-action%3Aaction%3Dlightbox%26settings%3DeyJpZCI6NDM2NiwidXJsIjoiaHR0cHM6XC9cL3d3dy5wYXRpcGF0aS5sdFwvd3AtY29udGVudFwvdXBsb2Fkc1wvMjAyMlwvMDVcL2xlbnRlbGUzLnBuZyJ9\"><br \/>\n\t\t\t\t\t\t\t<img decoding=\"async\" width=\"1024\" height=\"130\" src=\"http:\/\/patipati.lt\/wp-content\/uploads\/2022\/05\/lentele3-1024x130.png\" alt=\"Naudinga informacija\" loading=\"lazy\" srcset=\"http:\/\/patipati.lt\/wp-content\/uploads\/2022\/05\/lentele3-1024x130.png 1024w, http:\/\/patipati.lt\/wp-content\/uploads\/2022\/05\/lentele3-300x38.png 300w, http:\/\/patipati.lt\/wp-content\/uploads\/2022\/05\/lentele3-768x97.png 768w, http:\/\/patipati.lt\/wp-content\/uploads\/2022\/05\/lentele3-600x76.png 600w, http:\/\/patipati.lt\/wp-content\/uploads\/2022\/05\/lentele3.png 1112w\" sizes=\"auto, (max-width: 1024px) 100vw, 1024px\" title=\"\">\t\t\t\t\t\t\t\t<\/a><\/p>\n<p>\u00a0<\/p>\n<p><strong>2.\u00a0 Kaip pri\u017ei\u016br\u0117ti apatin\u012f trikota\u017e\u0105?<\/strong><\/p>\n<ul>\n<li>Tinkamai pri\u017ei\u016brim\u0105 apatin\u012f trikota\u017e\u0105 d\u0117v\u0117site ilgiau. \u0160tai pagrindin\u0117s taisykl\u0117s:<\/li>\n<li>Liemen\u0117les ir glaustinukes skalbkite specialiuose mai\u0161eliuose.<\/li>\n<li>Susekite liemen\u0117li\u0173 u\u017esagus bei kabeles, kad nesugadintum\u0117te n\u0117rini\u0173 ar kit\u0173 audini\u0173.<\/li>\n<li>Liemen\u0117les su vielomis (i\u0161imtis \u2013 liemen\u0117l\u0117s, kuriose formai palaikyti panaudotos ne metalin\u0117s dalys) skalbkite tik rankomis. Mechaninio skalbimo metu vielos gali i\u0161kristi ir pa\u017eeisti audin\u012f arba net sugadinti skalbykl\u0119. Jei skalbiate skalbykl\u0117je, vis\u0105 apatin\u012f trikota\u017e\u0105 sud\u0117kite \u012f skalbimo mai\u0161el\u012f.<\/li>\n<li>D\u0117v\u0117tus drabu\u017eius laikykite sausoje, v\u0117dinamoje patalpoje. Nelaikykite dr\u0117gn\u0173 spalvot\u0173 tekstil\u0117s gamini\u0173.<\/li>\n<li>Pasirinksite tinkamas skalbimo priemones, nenaudokite skalbini\u0173 mink\u0161tiklio: universalius skalbimo miltelius naudokite tik baltam apatiniam trikota\u017eui, spalvotiems arba margiems tekstil\u0117s gaminiams skalbti naudokite skalbimo miltelius, skirtus spalvotiems arba vilnoniams audiniams.<\/li>\n<li>Naujus spalvotus tekstil\u0117s gaminius pirm\u0105 kart\u0105 skalbkite atskirai.<\/li>\n<li>Atskirkite \u0161viesesnius spalvotos tekstil\u0117s gaminus nuo tamsesni\u0173.<\/li>\n<li>Apatin\u012f trikota\u017e\u0105 skalbkite \u017eemoje temperat\u016broje arba laikykit\u0117s nurodytos temperat\u016bros norm\u0173.<\/li>\n<li>Visi tekstil\u0117s gaminiai vidin\u0117je pus\u0117je turi etiketes, kuriose pateikta informacija apie drabu\u017eio dyd\u012f, med\u017eiagas, i\u0161 kuri\u0173 jis pagamintas, bei prie\u017ei\u016bros simbolius.<\/li>\n<\/ul>\n<p><strong>3. Kaip pri\u017ei\u016br\u0117ti maudymosi kostium\u0117l\u012f?<\/strong><\/p>\n<ul>\n<li>Kad kuo ilgiau d\u0117v\u0117tum\u0117te maudymosi kostium\u0117l\u012f ar glaudes, juos reikia tinkamai pri\u017ei\u016br\u0117ti, ypa\u010d jei da\u017enai tenka plaukioti baseine. Maudymosi kostium\u0117liams galioja visi patarimai, skirti apatinio trikota\u017eo prie\u017ei\u016brai, ta\u010diau yra dar keletas dalyk\u0173, kuriuos b\u016btina \u012fsid\u0117m\u0117ti:<\/li>\n<li>Po maudymosi kaip \u012fmanoma grei\u010diau \u0161variai i\u0161skalaukite maudymosi kostium\u0117l\u012f drungname vandenyje.<\/li>\n<li>Maudymosi kostium\u0117l\u012f skalbkite tik rankomis, galima naudoti skalbimo priemones, skirtas \u0161velniems audiniams.<\/li>\n<li>Niekada nepalikite dr\u0117gno maudymosi kostium\u0117lio.<\/li>\n<li>Negalima maudymosi drabu\u017ei\u0173 d\u017eiovinti saul\u0117je ar ant kar\u0161to pavir\u0161iaus.<\/li>\n<li>Niekada nelyginkite ir ned\u017eiovinkite savo maudymosi kostium\u0117lio d\u017eiovintuvu.<\/li>\n<li>Prisiminkite, jog chloras, kiti chemikalai, kosmetikos priemon\u0117s, kvepalai bei apsaugos nuo saul\u0117s priemon\u0117s gali pa\u017eeisi J\u016bs\u0173 maudymosi kostium\u0117l\u012f, ypa\u010d tuos, kuri\u0173 sud\u0117tyje yra elastano.<\/li>\n<li>Nor\u0117dami i\u0161saugoti J\u016bs\u0173 maudymosi kostium\u0117lio form\u0105, galite laikyti j\u012f pakabin\u0119 ant pakabo savo drabu\u017ei\u0173 spintoje.<\/li>\n<\/ul>\n","protected":false},"excerpt":{"rendered":"<p>Naudinga informacija \u00a0 Kaip tinkamai i\u0161matuoti apimt\u012f po kr\u016btine? Atsistokite tiesiai, ramiai kv\u0117puokite, J\u016bs\u0173 rankos turi b\u016bti nuleistos. Matuokite kr\u016btin\u0117s l\u0105st\u0105 truput\u012f \u017eemiau kr\u016bt\u0173. Centimetro juostel\u0117 turi tvirtai priglusti prie k\u016bno. Centimetro juostel\u0117s rodmen\u012f reikia suapvalinti \u012f ma\u017eesn\u0119 pus\u0119 iki skai\u010diaus, kuris dalijasi i\u0161 penki\u0173, t. y. 75, 80, 85. Did\u017eiausias galimas poslinkis \u2013 iki [&hellip;]<\/p>\n","protected":false},"author":83,"featured_media":0,"parent":0,"menu_order":0,"comment_status":"closed","ping_status":"closed","template":"elementor_header_footer","meta":{"_gspb_post_css":"","_kad_blocks_custom_css":"","_kad_blocks_head_custom_js":"","_kad_blocks_body_custom_js":"","_kad_blocks_footer_custom_js":"","footnotes":""},"class_list":["post-443","page","type-page","status-publish","hentry"],"blocksy_meta":[],"taxonomy_info":[],"featured_image_src_large":false,"author_info":{"display_name":"Agne Ambrasaite","author_link":"https:\/\/patipati.lt\/lv\/author\/testas-vip\/"},"comment_info":0,"_links":{"self":[{"href":"https:\/\/patipati.lt\/lv\/wp-json\/wp\/v2\/pages\/443","targetHints":{"allow":["GET"]}}],"collection":[{"href":"https:\/\/patipati.lt\/lv\/wp-json\/wp\/v2\/pages"}],"about":[{"href":"https:\/\/patipati.lt\/lv\/wp-json\/wp\/v2\/types\/page"}],"author":[{"embeddable":true,"href":"https:\/\/patipati.lt\/lv\/wp-json\/wp\/v2\/users\/83"}],"replies":[{"embeddable":true,"href":"https:\/\/patipati.lt\/lv\/wp-json\/wp\/v2\/comments?post=443"}],"version-history":[{"count":0,"href":"https:\/\/patipati.lt\/lv\/wp-json\/wp\/v2\/pages\/443\/revisions"}],"wp:attachment":[{"href":"https:\/\/patipati.lt\/lv\/wp-json\/wp\/v2\/media?parent=443"}],"curies":[{"name":"wp","href":"https:\/\/api.w.org\/{rel}","templated":true}]}}