{"id":432,"date":"2021-01-26T09:58:23","date_gmt":"2021-01-26T09:58:23","guid":{"rendered":"http:\/\/patipati.lt\/?page_id=432"},"modified":"2023-04-30T13:48:54","modified_gmt":"2023-04-30T10:48:54","slug":"atsiskaitymas","status":"publish","type":"page","link":"https:\/\/patipati.lt\/lv\/atsiskaitymas\/","title":{"rendered":"Atsiskaitymas"},"content":{"rendered":"<style>\/*! elementor - v3.12.2 - 23-04-2023 *\/\n.elementor-heading-title{padding:0;margin:0;line-height:1}.elementor-widget-heading .elementor-heading-title[class*=elementor-size-]>a{color:inherit;font-size:inherit;line-height:inherit}.elementor-widget-heading .elementor-heading-title.elementor-size-small{font-size:15px}.elementor-widget-heading .elementor-heading-title.elementor-size-medium{font-size:19px}.elementor-widget-heading .elementor-heading-title.elementor-size-large{font-size:29px}.elementor-widget-heading .elementor-heading-title.elementor-size-xl{font-size:39px}.elementor-widget-heading .elementor-heading-title.elementor-size-xxl{font-size:59px}<\/style>\n<h1>Atsiskaitymas<\/h1>\n<style>\/*! elementor - v3.12.2 - 23-04-2023 *\/\n.elementor-widget-divider{--divider-border-style:none;--divider-border-width:1px;--divider-color:#0c0d0e;--divider-icon-size:20px;--divider-element-spacing:10px;--divider-pattern-height:24px;--divider-pattern-size:20px;--divider-pattern-url:none;--divider-pattern-repeat:repeat-x}.elementor-widget-divider .elementor-divider{display:flex}.elementor-widget-divider .elementor-divider__text{font-size:15px;line-height:1;max-width:95%}.elementor-widget-divider .elementor-divider__element{margin:0 var(--divider-element-spacing);flex-shrink:0}.elementor-widget-divider .elementor-icon{font-size:var(--divider-icon-size)}.elementor-widget-divider .elementor-divider-separator{display:flex;margin:0;direction:ltr}.elementor-widget-divider--view-line_icon .elementor-divider-separator,.elementor-widget-divider--view-line_text .elementor-divider-separator{align-items:center}.elementor-widget-divider--view-line_icon .elementor-divider-separator:after,.elementor-widget-divider--view-line_icon .elementor-divider-separator:before,.elementor-widget-divider--view-line_text .elementor-divider-separator:after,.elementor-widget-divider--view-line_text .elementor-divider-separator:before{display:block;content:\"\";border-bottom:0;flex-grow:1;border-top:var(--divider-border-width) var(--divider-border-style) var(--divider-color)}.elementor-widget-divider--element-align-left .elementor-divider .elementor-divider-separator>.elementor-divider__svg:first-of-type{flex-grow:0;flex-shrink:100}.elementor-widget-divider--element-align-left .elementor-divider-separator:before{content:none}.elementor-widget-divider--element-align-left .elementor-divider__element{margin-left:0}.elementor-widget-divider--element-align-right .elementor-divider .elementor-divider-separator>.elementor-divider__svg:last-of-type{flex-grow:0;flex-shrink:100}.elementor-widget-divider--element-align-right .elementor-divider-separator:after{content:none}.elementor-widget-divider--element-align-right .elementor-divider__element{margin-right:0}.elementor-widget-divider:not(.elementor-widget-divider--view-line_text):not(.elementor-widget-divider--view-line_icon) .elementor-divider-separator{border-top:var(--divider-border-width) var(--divider-border-style) var(--divider-color)}.elementor-widget-divider--separator-type-pattern{--divider-border-style:none}.elementor-widget-divider--separator-type-pattern.elementor-widget-divider--view-line .elementor-divider-separator,.elementor-widget-divider--separator-type-pattern:not(.elementor-widget-divider--view-line) .elementor-divider-separator:after,.elementor-widget-divider--separator-type-pattern:not(.elementor-widget-divider--view-line) .elementor-divider-separator:before,.elementor-widget-divider--separator-type-pattern:not([class*=elementor-widget-divider--view]) .elementor-divider-separator{width:100%;min-height:var(--divider-pattern-height);-webkit-mask-size:var(--divider-pattern-size) 100%;mask-size:var(--divider-pattern-size) 100%;-webkit-mask-repeat:var(--divider-pattern-repeat);mask-repeat:var(--divider-pattern-repeat);background-color:var(--divider-color);-webkit-mask-image:var(--divider-pattern-url);mask-image:var(--divider-pattern-url)}.elementor-widget-divider--no-spacing{--divider-pattern-size:auto}.elementor-widget-divider--bg-round{--divider-pattern-repeat:round}.rtl .elementor-widget-divider .elementor-divider__text{direction:rtl}.e-con-inner>.elementor-widget-divider,.e-con>.elementor-widget-divider{width:var(--container-widget-width,100%);--flex-grow:var(--container-widget-flex-grow)}<\/style>\n<p>Sumok\u0117ti u\u017e prekes elektronin\u0117je apatinio trikota\u017eo parduotuv\u0117je <strong>patipati.lt<\/strong> galima:<\/p>\n<ol>\n<li>Per \u201ePaysera\u201c sistem\u0105. Ji suteikia galimyb\u0119 pasirinkti i\u0161 keli\u0173 atsiskaitymo b\u016bd\u0173:\n<ul>\n<li>internetu, naudojantis elektronine bankininkyste;<\/li>\n<li>internetu per kreditini\u0173 korteli\u0173 aptarnavimo sistem\u0105 LVLPB.<\/li>\n<\/ul>\n<\/li>\n<li>Grynaisiais ar mok\u0117jimo kortele, atsiimant prekes \u201ePatiPati\u201c parduotuv\u0117se: Vokie\u010di\u0173 g. 16, Vilnius; PC \u201ePanorama\u201c, Saltoni\u0161ki\u0173 g. 9, Vilnius; Laisv\u0117s al. 101, Kaunas.<\/li>\n<\/ol>\n<p>Pardav\u0117jas \u012fsipareigoja suteikti vis\u0105 b\u016btin\u0105 informacij\u0105, reikaling\u0105 norint atsiskaityti u\u017e u\u017esakytas prekes, ta\u010diau Pardav\u0117jas neprisiima jokios atsakomyb\u0117s d\u0117l bank\u0173 ar \u201ePaysera\u201c sistemos (\u0161i sistema administruojama\u00a0\u201ePaysera LT\u201c, UAB, M\u0117nulio g. 7, LT-04326, Vilnius, Lietuva; \u012fmon\u0117s kodas 300060819, PVM mok\u0117tojo kodas LT100001261114), kuriais buvo vykdomas Pirk\u0117jo apmok\u0117jimas Pardav\u0117jui, nekokybi\u0161k\u0173 paslaug\u0173 ir su tuo susijusi\u0173 nuostoli\u0173. Taip pat Pardav\u0117jas neprisiima jokios atsakomyb\u0117s u\u017e Pirk\u0117jo padarytas klaidas, formuojant ir vykdant pinig\u0173 pervedim\u0105 (pvz., neteisingo s\u0105skaitos numerio \u012fvedimo, neteisingai pateikto u\u017esakymo kodo ir kt.) ir i\u0161 to kilusius nuostolius.<\/p>\n<p>UAB \u201eMELANTA\u201c atsiskaitomoji s\u0105skaita\u00a0LT247044060003791687, SEB bankas.<\/p>\n","protected":false},"excerpt":{"rendered":"<p>Atsiskaitymas Sumok\u0117ti u\u017e prekes elektronin\u0117je apatinio trikota\u017eo parduotuv\u0117je patipati.lt galima: Per \u201ePaysera\u201c sistem\u0105. Ji suteikia galimyb\u0119 pasirinkti i\u0161 keli\u0173 atsiskaitymo b\u016bd\u0173: internetu, naudojantis elektronine bankininkyste; internetu per kreditini\u0173 korteli\u0173 aptarnavimo sistem\u0105 LVLPB. Grynaisiais ar mok\u0117jimo kortele, atsiimant prekes \u201ePatiPati\u201c parduotuv\u0117se: Vokie\u010di\u0173 g. 16, Vilnius; PC \u201ePanorama\u201c, Saltoni\u0161ki\u0173 g. 9, Vilnius; Laisv\u0117s al. 101, Kaunas. Pardav\u0117jas [&hellip;]<\/p>\n","protected":false},"author":83,"featured_media":0,"parent":0,"menu_order":0,"comment_status":"closed","ping_status":"closed","template":"elementor_header_footer","meta":{"_gspb_post_css":"","_kad_blocks_custom_css":"","_kad_blocks_head_custom_js":"","_kad_blocks_body_custom_js":"","_kad_blocks_footer_custom_js":"","footnotes":""},"class_list":["post-432","page","type-page","status-publish","hentry"],"blocksy_meta":[],"taxonomy_info":[],"featured_image_src_large":false,"author_info":{"display_name":"Agne Ambrasaite","author_link":"https:\/\/patipati.lt\/lv\/author\/testas-vip\/"},"comment_info":0,"_links":{"self":[{"href":"https:\/\/patipati.lt\/lv\/wp-json\/wp\/v2\/pages\/432","targetHints":{"allow":["GET"]}}],"collection":[{"href":"https:\/\/patipati.lt\/lv\/wp-json\/wp\/v2\/pages"}],"about":[{"href":"https:\/\/patipati.lt\/lv\/wp-json\/wp\/v2\/types\/page"}],"author":[{"embeddable":true,"href":"https:\/\/patipati.lt\/lv\/wp-json\/wp\/v2\/users\/83"}],"replies":[{"embeddable":true,"href":"https:\/\/patipati.lt\/lv\/wp-json\/wp\/v2\/comments?post=432"}],"version-history":[{"count":0,"href":"https:\/\/patipati.lt\/lv\/wp-json\/wp\/v2\/pages\/432\/revisions"}],"wp:attachment":[{"href":"https:\/\/patipati.lt\/lv\/wp-json\/wp\/v2\/media?parent=432"}],"curies":[{"name":"wp","href":"https:\/\/api.w.org\/{rel}","templated":true}]}}