{"id":406,"date":"2021-01-26T08:52:49","date_gmt":"2021-01-26T08:52:49","guid":{"rendered":"http:\/\/patipati.lt\/?page_id=406"},"modified":"2024-07-30T13:24:42","modified_gmt":"2024-07-30T10:24:42","slug":"kontaktai","status":"publish","type":"page","link":"https:\/\/patipati.lt\/lv\/kontaktai\/","title":{"rendered":"Kontaktai"},"content":{"rendered":"<h1>Kontaktai<\/h1>\n<p>\t\t<strong>Nerandate savo dyd\u017eio?<\/strong><br \/>\n<strong>Kilo nesklandumai atliekant u\u017esakym\u0105?<\/strong><br \/>\n<strong>O gal tiesiog norite pabendrauti apatinio trikota\u017eo klausimais?\u00a0<\/strong><\/p>\n<p>Mielai jums pad\u0117sime ir atsakysime \u012f visus j\u016bs\u0173 klausimus.<\/p>\n<p><img decoding=\"async\" src=\"http:\/\/patipati.lt\/wp-content\/uploads\/2022\/09\/125376100-mail-symbol-icon-red-simple-with-rounded-corners-isolated-vector-illustration-150x150.webp\" alt=\"\" width=\"22\" height=\"22\" title=\"\">\u00a0info@patipati.lt<\/p>\n<p><strong>Skambinkite: <\/strong> \t\t<\/p>\n<ul>\n<li>\n\t\t\t\t\t\t\t\t\t\t\t<a href=\"tel:+370%20656%2072540\"><br \/>\n\t\t\t\t\t\t\t\t\t\t+370 656 72540<br \/>\n\t\t\t\t\t\t\t\t\t\t\t<\/a>\n\t\t\t\t\t\t\t\t\t<\/li>\n<\/ul>\n<p>\t\t<strong>M\u016bs\u0173 darbo laikas:<\/strong> \t\t<\/p>\n<ul>\n<li>\n\t\t\t\t\t\t\t\t\t\tI-V 11:00-19:00 val.\n\t\t\t\t\t\t\t\t\t<\/li>\n<li>\n\t\t\t\t\t\t\t\t\t\t&nbsp;&nbsp;&nbsp;&nbsp;&nbsp; VI 11:00-17:00 val.\n\t\t\t\t\t\t\t\t\t<\/li>\n<\/ul>\n<p>\u00a0<strong>\u2018\u2019PatiPati\u201d <\/strong><strong>parduotuves galite rasti adresais:<\/strong><\/p>\n<ul>\n<li>\n\t\t\t\t\t\t\t\t\t\tVokie\u010di\u0173 g. 16,  Vilnius\n\t\t\t\t\t\t\t\t\t<\/li>\n<li>\n\t\t\t\t\t\t\t\t\t\tPC Panorama, Saltoni\u0161ki\u0173 g. 9, Vilnius\n\t\t\t\t\t\t\t\t\t<\/li>\n<li>\n\t\t\t\t\t\t\t\t\t\tLaisv\u0117s al. 101, Kaunas\n\t\t\t\t\t\t\t\t\t<\/li>\n<\/ul>\n","protected":false},"excerpt":{"rendered":"<p>Kontaktai Nerandate savo dyd\u017eio? Kilo nesklandumai atliekant u\u017esakym\u0105? O gal tiesiog norite pabendrauti apatinio trikota\u017eo klausimais?\u00a0 Mielai jums pad\u0117sime ir atsakysime \u012f visus j\u016bs\u0173 klausimus. \u00a0info@patipati.lt Skambinkite: +370 656 72540 M\u016bs\u0173 darbo laikas: I-V 11:00-19:00 val. &nbsp;&nbsp;&nbsp;&nbsp;&nbsp; VI 11:00-17:00 val. \u00a0\u2018\u2019PatiPati\u201d parduotuves galite rasti adresais: Vokie\u010di\u0173 g. 16, Vilnius PC Panorama, Saltoni\u0161ki\u0173 g. 9, Vilnius [&hellip;]<\/p>\n","protected":false},"author":83,"featured_media":0,"parent":0,"menu_order":0,"comment_status":"closed","ping_status":"closed","template":"elementor_header_footer","meta":{"_gspb_post_css":"","_kad_blocks_custom_css":"","_kad_blocks_head_custom_js":"","_kad_blocks_body_custom_js":"","_kad_blocks_footer_custom_js":"","footnotes":""},"class_list":["post-406","page","type-page","status-publish","hentry"],"blocksy_meta":[],"taxonomy_info":[],"featured_image_src_large":false,"author_info":{"display_name":"Agne Ambrasaite","author_link":"https:\/\/patipati.lt\/lv\/author\/testas-vip\/"},"comment_info":0,"_links":{"self":[{"href":"https:\/\/patipati.lt\/lv\/wp-json\/wp\/v2\/pages\/406","targetHints":{"allow":["GET"]}}],"collection":[{"href":"https:\/\/patipati.lt\/lv\/wp-json\/wp\/v2\/pages"}],"about":[{"href":"https:\/\/patipati.lt\/lv\/wp-json\/wp\/v2\/types\/page"}],"author":[{"embeddable":true,"href":"https:\/\/patipati.lt\/lv\/wp-json\/wp\/v2\/users\/83"}],"replies":[{"embeddable":true,"href":"https:\/\/patipati.lt\/lv\/wp-json\/wp\/v2\/comments?post=406"}],"version-history":[{"count":0,"href":"https:\/\/patipati.lt\/lv\/wp-json\/wp\/v2\/pages\/406\/revisions"}],"wp:attachment":[{"href":"https:\/\/patipati.lt\/lv\/wp-json\/wp\/v2\/media?parent=406"}],"curies":[{"name":"wp","href":"https:\/\/api.w.org\/{rel}","templated":true}]}}