{"id":38371,"date":"2021-01-25T08:49:24","date_gmt":"2021-01-25T05:49:24","guid":{"rendered":"https:\/\/patipati.lt\/mans-konts\/"},"modified":"2026-05-07T15:29:49","modified_gmt":"2026-05-07T12:29:49","slug":"mans-konts","status":"publish","type":"page","link":"https:\/\/patipati.lt\/lv\/mans-konts\/","title":{"rendered":"Mans konts"},"content":{"rendered":"<div class=\"woocommerce ct-woo-unauthorized\"><div class=\"woocommerce-notices-wrapper\"><\/div>\n\n<div class=\"u-columns col2-set\" id=\"customer_login\">\n\n\t<div class=\"u-column1 col-1\">\n\n\n\t\t<h2>Pieteik\u0161an\u0101s<\/h2>\n\n\t\t<form class=\"woocommerce-form woocommerce-form-login login\" method=\"post\" novalidate>\n\n\t\t\t\n\t\t\t<p class=\"woocommerce-form-row woocommerce-form-row--wide form-row form-row-wide\">\n\t\t\t\t<label for=\"username\">Lietot\u0101jv\u0101rds vai e-pasta adrese&nbsp;<span class=\"required\" aria-hidden=\"true\">*<\/span><span class=\"screen-reader-text\">Oblig\u0101ts<\/span><\/label>\n\t\t\t\t<input type=\"text\" class=\"woocommerce-Input woocommerce-Input--text input-text\" name=\"username\" id=\"username\" autocomplete=\"username\" value=\"\" required aria-required=\"true\" \/>\t\t\t<\/p>\n\t\t\t<p class=\"woocommerce-form-row woocommerce-form-row--wide form-row form-row-wide\">\n\t\t\t\t<label for=\"password\">Parole&nbsp;<span class=\"required\" aria-hidden=\"true\">*<\/span><span class=\"screen-reader-text\">Oblig\u0101ts<\/span><\/label>\n\t\t\t\t<input class=\"woocommerce-Input woocommerce-Input--text input-text\" type=\"password\" name=\"password\" id=\"password\" autocomplete=\"current-password\" required aria-required=\"true\" \/>\n\t\t\t<\/p>\n\n\t\t\t<input type=\"hidden\" name=\"g-recaptcha-response\" class=\"agr-recaptcha-response\" value=\"\" \/><script>\r\n                (function() {\r\n                    var siteKey = \"6LeG9XIrAAAAACcjoDFOqCBjuZBCwultg6JX_PZR\";\r\n                    var refreshTimer = null;\r\n\r\n                    function wpcaptchaSetToken(token) {\r\n                        document.querySelectorAll(\".agr-recaptcha-response\").forEach(function(field) {\r\n                            field.value = token;\r\n                            field.setAttribute(\"data-token-time\", Date.now());\r\n                        });\r\n                    }\r\n\r\n                    function wpcaptchaRefreshToken(callback) {\r\n                        if (typeof grecaptcha === \"undefined\") {\r\n                            if (callback) callback(false);\r\n                            return;\r\n                        }\r\n\r\n                        grecaptcha.ready(function() {\r\n                            grecaptcha.execute(siteKey, { action: \"submit\" }).then(function(token) {\r\n                                wpcaptchaSetToken(token);\r\n                                if (callback) callback(true);\r\n                            });\r\n                        });\r\n                    }\r\n\r\n                    function wpcaptchaStartAutoRefresh() {\r\n                        clearInterval(refreshTimer);\r\n\r\n                        wpcaptchaRefreshToken();\r\n\r\n                        refreshTimer = setInterval(function() {\r\n                            wpcaptchaRefreshToken();\r\n                        }, 90000);\r\n                    }\r\n\r\n                    document.addEventListener(\"submit\", function(e) {\r\n                        var form = e.target;\r\n                        var field = form.querySelector(\".agr-recaptcha-response\");\r\n\r\n                        if (!field) return;\r\n\r\n                        var tokenTime = parseInt(field.getAttribute(\"data-token-time\") || \"0\", 10);\r\n                        var age = Date.now() - tokenTime;\r\n\r\n                        if (field.value && age < 90000) {\r\n                            return;\r\n                        }\r\n\r\n                        e.preventDefault();\r\n\r\n                        wpcaptchaRefreshToken(function(success) {\r\n                            if (success) {\r\n                                form.submit();\r\n                            }\r\n                        });\r\n                    }, true);\r\n\r\n                    window.wpcaptchaRefreshToken = wpcaptchaRefreshToken;\r\n\r\n                    if (document.readyState === \"loading\") {\r\n                        document.addEventListener(\"DOMContentLoaded\", wpcaptchaStartAutoRefresh);\r\n                    } else {\r\n                        wpcaptchaStartAutoRefresh();\r\n                    }\r\n                })();\r\n                <\/script><script>\r\n                    jQuery(document.body).on(\"checkout_error\", function(){\r\n                        setTimeout(wpcaptchaRefreshToken, 50);\r\n                    });\r\n\r\n                    jQuery(document.body).on(\"updated_checkout\", function(){\r\n                        setTimeout(wpcaptchaRefreshToken, 50);\r\n                    });\r\n                <\/script><script src='https:\/\/www.google.com\/recaptcha\/api.js?onload=wpcaptcha_captcha&render=6LeG9XIrAAAAACcjoDFOqCBjuZBCwultg6JX_PZR&ver=1.35' id='wpcaptcha-recaptcha-js'><\/script>\n\t\t\t<p class=\"form-row\">\n\t\t\t\t<label class=\"woocommerce-form__label woocommerce-form__label-for-checkbox woocommerce-form-login__rememberme\">\n\t\t\t\t\t<input class=\"woocommerce-form__input woocommerce-form__input-checkbox\" name=\"rememberme\" type=\"checkbox\" id=\"rememberme\" value=\"forever\" \/> <span>Atcer\u0113ties mani<\/span>\n\t\t\t\t<\/label>\n\t\t\t\t<input type=\"hidden\" id=\"woocommerce-login-nonce\" name=\"woocommerce-login-nonce\" value=\"63dd630027\" \/><input type=\"hidden\" name=\"_wp_http_referer\" value=\"\/lv\/wp-json\/wp\/v2\/pages\/38371\" \/>\t\t\t\t<button type=\"submit\" class=\"woocommerce-button button woocommerce-form-login__submit\" name=\"login\" value=\"Piesl\u0113gties\">Piesl\u0113gties<\/button>\n\t\t\t<\/p>\n\t\t\t<p class=\"woocommerce-LostPassword lost_password\">\n\t\t\t\t<a href=\"https:\/\/patipati.lt\/lv\/mans-konts\/priminti-slaptazodi\/\">Aizmirs\u0101t paroli?<\/a>\n\t\t\t<\/p>\n\n\t\t\t\n\t\t<\/form>\n\n\n\t<\/div>\n\n\t<div class=\"u-column2 col-2\">\n\n\t\t<h2>Re\u0123istr\u0113ties<\/h2>\n\n\t\t<form method=\"post\" class=\"woocommerce-form woocommerce-form-register register\"  >\n\n\t\t\t\n\t\t\t\n\t\t\t\t<p class=\"woocommerce-form-row woocommerce-form-row--wide form-row form-row-wide\">\n\t\t\t\t\t<label for=\"reg_username\">Lietot\u0101jv\u0101rds&nbsp;<span class=\"required\" aria-hidden=\"true\">*<\/span><span class=\"screen-reader-text\">Oblig\u0101ts<\/span><\/label>\n\t\t\t\t\t<input type=\"text\" class=\"woocommerce-Input woocommerce-Input--text input-text\" name=\"username\" id=\"reg_username\" autocomplete=\"username\" value=\"\" required aria-required=\"true\" \/>\t\t\t\t<\/p>\n\n\t\t\t\n\t\t\t<p class=\"woocommerce-form-row woocommerce-form-row--wide form-row form-row-wide\">\n\t\t\t\t<label for=\"reg_email\">Epasta adrese&nbsp;<span class=\"required\" aria-hidden=\"true\">*<\/span><span class=\"screen-reader-text\">Oblig\u0101ts<\/span><\/label>\n\t\t\t\t<input type=\"email\" class=\"woocommerce-Input woocommerce-Input--text input-text\" name=\"email\" id=\"reg_email\" autocomplete=\"email\" value=\"\" required aria-required=\"true\" \/>\t\t\t<\/p>\n\n\t\t\t\n\t\t\t\t<p class=\"woocommerce-form-row woocommerce-form-row--wide form-row form-row-wide\">\n\t\t\t\t\t<label for=\"reg_password\">Parole&nbsp;<span class=\"required\" aria-hidden=\"true\">*<\/span><span class=\"screen-reader-text\">Oblig\u0101ts<\/span><\/label>\n\t\t\t\t\t<input type=\"password\" class=\"woocommerce-Input woocommerce-Input--text input-text\" name=\"password\" id=\"reg_password\" autocomplete=\"new-password\" required aria-required=\"true\" \/>\n\t\t\t\t<\/p>\n\n\t\t\t\n\t\t\t<wc-order-attribution-inputs><\/wc-order-attribution-inputs><div class=\"woocommerce-privacy-policy-text\"><p>\u0160iame krep\u0161elyje esan\u010dios prek\u0117s n\u0117ra rezervuojamos.<br \/>\nJ\u016bs\u0173 asmeniniai duomenys bus naudojami patogesniam nar\u0161ymui \u0161iame tinklalapyje, paskyros valdymui bei kitoms reikm\u0117ms, kurios apra\u0161ytos m\u016bs\u0173 <a href=\"https:\/\/patipati.lt\/privatumo-politika\/\" class=\"woocommerce-privacy-policy-link\" target=\"_blank\">priv\u0101tuma politika<\/a>.<\/p>\n<\/div>\n\t\t\t<p class=\"woocommerce-form-row form-row\">\n\t\t\t\t<input type=\"hidden\" id=\"woocommerce-register-nonce\" name=\"woocommerce-register-nonce\" value=\"8edd4efc0e\" \/><input type=\"hidden\" name=\"_wp_http_referer\" value=\"\/lv\/wp-json\/wp\/v2\/pages\/38371\" \/>\t\t\t\t<button type=\"submit\" class=\"woocommerce-Button woocommerce-button button woocommerce-form-register__submit\" name=\"register\" value=\"Re\u0123istr\u0113ties\">Re\u0123istr\u0113ties<\/button>\n\t\t\t<\/p>\n\n\t\t\t\n\t\t<\/form>\n\n\t<\/div>\n\n<\/div>\n\n<\/div>\n","protected":false},"excerpt":{"rendered":"","protected":false},"author":5,"featured_media":0,"parent":0,"menu_order":0,"comment_status":"closed","ping_status":"closed","template":"","meta":{"_gspb_post_css":"","_kad_blocks_custom_css":"","_kad_blocks_head_custom_js":"","_kad_blocks_body_custom_js":"","_kad_blocks_footer_custom_js":"","footnotes":""},"class_list":["post-38371","page","type-page","status-publish","hentry"],"blocksy_meta":[],"taxonomy_info":[],"featured_image_src_large":false,"author_info":{"display_name":"Natalja","author_link":"https:\/\/patipati.lt\/lv\/author\/natalja\/"},"comment_info":0,"_links":{"self":[{"href":"https:\/\/patipati.lt\/lv\/wp-json\/wp\/v2\/pages\/38371","targetHints":{"allow":["GET"]}}],"collection":[{"href":"https:\/\/patipati.lt\/lv\/wp-json\/wp\/v2\/pages"}],"about":[{"href":"https:\/\/patipati.lt\/lv\/wp-json\/wp\/v2\/types\/page"}],"author":[{"embeddable":true,"href":"https:\/\/patipati.lt\/lv\/wp-json\/wp\/v2\/users\/5"}],"replies":[{"embeddable":true,"href":"https:\/\/patipati.lt\/lv\/wp-json\/wp\/v2\/comments?post=38371"}],"version-history":[{"count":0,"href":"https:\/\/patipati.lt\/lv\/wp-json\/wp\/v2\/pages\/38371\/revisions"}],"wp:attachment":[{"href":"https:\/\/patipati.lt\/lv\/wp-json\/wp\/v2\/media?parent=38371"}],"curies":[{"name":"wp","href":"https:\/\/api.w.org\/{rel}","templated":true}]}}