{"id":12746,"date":"2023-06-05T15:52:34","date_gmt":"2023-06-05T12:52:34","guid":{"rendered":"http:\/\/patipati.lt\/?page_id=12746"},"modified":"2026-01-14T17:56:18","modified_gmt":"2026-01-14T14:56:18","slug":"pristatymas","status":"publish","type":"page","link":"https:\/\/patipati.lt\/lv\/pristatymas\/","title":{"rendered":"Pristatymas"},"content":{"rendered":"\n<p><strong>Si\u016blome kelet\u0105 patogi\u0173 pristatymo b\u016bd\u0173:<\/strong><\/p>\n\n\n\n<ul class=\"wp-block-list\">\n<li>Pristatymas \u012f pasirinkt\u0105 parduotuv\u0119 (pristatymas \u012f parduotuves visada&nbsp;<strong>NEMOKAMAS<\/strong>).<\/li>\n\n\n\n<li>Pristatymas \u012f&nbsp;<strong>siunt\u0173 terminal\u0105 (pa\u0161tomat\u0105)<\/strong>.<\/li>\n\n\n\n<li>Pristatymas \u012f namus, darb\u0105 ar kitu nurodytu adresu&nbsp;<strong>per kurjer\u012f<\/strong>.<\/li>\n<\/ul>\n\n\n\n<p><strong>&nbsp;&nbsp;&nbsp;Nemokamas pristatymas:<\/strong><\/p>\n\n\n\n<ul class=\"wp-block-list\">\n<li>Pa\u0161tomatais Lietuvoje, perkant daugiau kaip u\u017e 60\u00a0\u20ac.<\/li>\n\n\n\n<li>Kurjeriu Lietuvoje, perkant daugiau kaip u\u017e 120\u00a0\u20ac.<\/li>\n\n\n\n<li>Europos S\u0105jungos \u0161alyse, perkant daugiau kaip u\u017e 100 \u20ac.<\/li>\n\n\n\n<li>Pristatymas \u012f pasirinkta <strong>PatiPati <\/strong>parduotuve:<\/li>\n<\/ul>\n\n\n\n<p><strong>VILNIUJE:<\/strong><\/p>\n\n\n\n<p>Parduotuv\u0117 <strong>PatiPati<\/strong>, PC \u201ePANORAMA\u201c, Saltoni\u0161ki\u0173 g. 9, tel. +370&nbsp;656 72&nbsp;541.<\/p>\n\n\n\n<p>Darbo laikas I\u2013VII 10.00\u201321.00<\/p>\n\n\n\n<p>Parduotuv\u0117 <strong>PatiPati<\/strong>, Vokie\u010di\u0173 g. 16, tel. +370&nbsp;656 72&nbsp;540.<\/p>\n\n\n\n<p>Darbo laikas I\u2013V 11.00\u201319.00, VI 11.00\u201317.00<\/p>\n\n\n\n<p><strong>KAUNE:<\/strong><\/p>\n\n\n\n<p>Parduotuv\u0117 <strong>PatiPati<\/strong>, Laisv\u0117s al. 101, tel. +370&nbsp;655 01&nbsp;091.<\/p>\n\n\n\n<p>Darbo laikas I\u2013V 10.00\u201319.00, VI 10.00\u201317.00<\/p>\n\n\n\n<p><strong>D\u0117l preki\u0173 siuntimo \u012f Europos S\u0105jungos \u0161alis, susisekite su mumis&nbsp;<\/strong><a href=\"mailto:info@patipati.lt\"><strong>info@patipati.lt<\/strong><\/a><strong>.<\/strong><\/p>\n\n\n\n<p><strong>Lietuvoje siuntos pristatomos per 1\u20135 darbo dienas., \u012e ES \u0161alis \u2013 per 5\u201320 darbo dien\u0173.<\/strong><\/p>\n","protected":false},"excerpt":{"rendered":"<p>Si\u016blome kelet\u0105 patogi\u0173 pristatymo b\u016bd\u0173: &nbsp;&nbsp;&nbsp;Nemokamas pristatymas: VILNIUJE: Parduotuv\u0117 PatiPati, PC \u201ePANORAMA\u201c, Saltoni\u0161ki\u0173 g. 9, tel. +370&nbsp;656 72&nbsp;541. Darbo laikas I\u2013VII 10.00\u201321.00 Parduotuv\u0117 PatiPati, Vokie\u010di\u0173 g. 16, tel. +370&nbsp;656 72&nbsp;540. Darbo laikas I\u2013V 11.00\u201319.00, VI 11.00\u201317.00 KAUNE: Parduotuv\u0117 PatiPati, Laisv\u0117s al. 101, tel. +370&nbsp;655 01&nbsp;091. Darbo laikas I\u2013V 10.00\u201319.00, VI 10.00\u201317.00 D\u0117l preki\u0173 siuntimo \u012f [&hellip;]<\/p>\n","protected":false},"author":5,"featured_media":0,"parent":0,"menu_order":0,"comment_status":"closed","ping_status":"closed","template":"","meta":{"_gspb_post_css":"","_kad_blocks_custom_css":"","_kad_blocks_head_custom_js":"","_kad_blocks_body_custom_js":"","_kad_blocks_footer_custom_js":"","footnotes":""},"class_list":["post-12746","page","type-page","status-publish","hentry"],"blocksy_meta":[],"taxonomy_info":[],"featured_image_src_large":false,"author_info":{"display_name":"Natalja","author_link":"https:\/\/patipati.lt\/lv\/author\/natalja\/"},"comment_info":0,"_links":{"self":[{"href":"https:\/\/patipati.lt\/lv\/wp-json\/wp\/v2\/pages\/12746","targetHints":{"allow":["GET"]}}],"collection":[{"href":"https:\/\/patipati.lt\/lv\/wp-json\/wp\/v2\/pages"}],"about":[{"href":"https:\/\/patipati.lt\/lv\/wp-json\/wp\/v2\/types\/page"}],"author":[{"embeddable":true,"href":"https:\/\/patipati.lt\/lv\/wp-json\/wp\/v2\/users\/5"}],"replies":[{"embeddable":true,"href":"https:\/\/patipati.lt\/lv\/wp-json\/wp\/v2\/comments?post=12746"}],"version-history":[{"count":0,"href":"https:\/\/patipati.lt\/lv\/wp-json\/wp\/v2\/pages\/12746\/revisions"}],"wp:attachment":[{"href":"https:\/\/patipati.lt\/lv\/wp-json\/wp\/v2\/media?parent=12746"}],"curies":[{"name":"wp","href":"https:\/\/api.w.org\/{rel}","templated":true}]}}