{"id":545,"date":"2021-03-02T10:32:34","date_gmt":"2021-03-02T10:32:34","guid":{"rendered":"http:\/\/patipati.lt\/?page_id=545"},"modified":"2025-03-13T11:12:30","modified_gmt":"2025-03-13T08:12:30","slug":"dovanu-cekis","status":"publish","type":"page","link":"https:\/\/patipati.lt\/en\/dovanu-cekis\/","title":{"rendered":"Dovan\u0173 \u010dekis"},"content":{"rendered":"<style>.kb-row-layout-id545_9ca977-4d > .kt-row-column-wrap{align-content:start;}:where(.kb-row-layout-id545_9ca977-4d > .kt-row-column-wrap) > .wp-block-kadence-column{justify-content:start;}.kb-row-layout-id545_9ca977-4d > .kt-row-column-wrap{column-gap:var(--global-kb-gap-md, 2rem);row-gap:var(--global-kb-gap-md, 2rem);max-width:1440px;padding-top:var(--global-kb-spacing-sm, 1.5rem);padding-bottom:var(--global-kb-spacing-sm, 1.5rem);grid-template-columns:minmax(0, 1fr);}.kb-row-layout-id545_9ca977-4d > .kt-row-layout-overlay{opacity:0.30;}@media all and (max-width: 1024px){.kb-row-layout-id545_9ca977-4d > .kt-row-column-wrap{grid-template-columns:minmax(0, 1fr);}}@media all and (max-width: 767px){.kb-row-layout-id545_9ca977-4d > .kt-row-column-wrap{padding-right:var(--global-kb-spacing-xxs, 0.5rem);padding-left:var(--global-kb-spacing-xxs, 0.5rem);grid-template-columns:minmax(0, 1fr);}}<\/style><div class=\"kb-row-layout-wrap kb-row-layout-id545_9ca977-4d alignnone wp-block-kadence-rowlayout\"><div class=\"kt-row-column-wrap kt-has-1-columns kt-row-layout-equal kt-tab-layout-inherit kt-mobile-layout-row kt-row-valign-top kb-theme-content-width\">\n<style>.kadence-column545_a5c145-e0 > .kt-inside-inner-col,.kadence-column545_a5c145-e0 > .kt-inside-inner-col:before{border-top-left-radius:0px;border-top-right-radius:0px;border-bottom-right-radius:0px;border-bottom-left-radius:0px;}.kadence-column545_a5c145-e0 > .kt-inside-inner-col{column-gap:var(--global-kb-gap-sm, 1rem);}.kadence-column545_a5c145-e0 > .kt-inside-inner-col{flex-direction:column;}.kadence-column545_a5c145-e0 > .kt-inside-inner-col > .aligncenter{width:100%;}.kadence-column545_a5c145-e0 > .kt-inside-inner-col:before{opacity:0.3;}.kadence-column545_a5c145-e0{position:relative;}@media all and (max-width: 1024px){.kadence-column545_a5c145-e0 > .kt-inside-inner-col{flex-direction:column;justify-content:center;}}@media all and (max-width: 767px){.kadence-column545_a5c145-e0 > .kt-inside-inner-col{flex-direction:column;justify-content:center;}}<\/style>\n<div class=\"wp-block-kadence-column kadence-column545_a5c145-e0\"><div class=\"kt-inside-inner-col\">\n<h1 class=\"wp-block-heading has-text-align-center\" id=\"dovanu-cekis\">Dovan\u0173 \u010dekis<\/h1>\n\n\n<style>.wp-block-kadence-spacer.kt-block-spacer-545_f5f472-c5 .kt-block-spacer{height:20px;}.wp-block-kadence-spacer.kt-block-spacer-545_f5f472-c5 .kt-divider{border-top-width:3px;height:1px;border-top-color:var(--theme-palette-color-1, #ed1b24);width:100px;border-top-style:solid;}<\/style>\n<div class=\"wp-block-kadence-spacer aligncenter kt-block-spacer-545_f5f472-c5\"><div class=\"kt-block-spacer kt-block-spacer-halign-center\"><hr class=\"kt-divider\"\/><\/div><\/div>\n\n\n\n<h5 class=\"wp-block-heading has-text-align-center\" id=\"smagu-dovanoti-dovana-kai-zinai-kad-ji-bus-ivertinta\">Smagu dovanoti dovan\u0105, kai \u017einai, kad ji bus \u012fvertinta<\/h5>\n\n\n\n<p class=\"has-text-align-center\">\u201ePatiPati\u201c dovan\u0173 \u010dekis, tai labai paprastas ir i\u0161radingas b\u016bdas prad\u017eiuginti savo artimuosius.<br>M\u016bs\u0173 elektroninis dovan\u0173 \u010dekis &#8211; tai puiki dovana \u0161eimos nariams arba draugams, j\u012f galite \u012fsigyti vos per kelias minutes. Elektroninis dovan\u0173 \u010dekis, \u012fsigytas el. parduotuv\u0117je www.patipati.lt, gali b\u016bti naudojamas tik internetin\u0117je parduotuv\u0117je. \u012esigytas dovan\u0173 \u010dekis yra i\u0161siun\u010diamas u\u017esakyme nurodytu el. pa\u0161tu<\/p>\n<\/div><\/div>\n\n<\/div><\/div>\n\n<style>.kb-row-layout-id545_78f44f-45 > .kt-row-column-wrap{align-content:start;}:where(.kb-row-layout-id545_78f44f-45 > .kt-row-column-wrap) > .wp-block-kadence-column{justify-content:start;}.kb-row-layout-id545_78f44f-45 > .kt-row-column-wrap{column-gap:var(--global-kb-gap-md, 2rem);row-gap:var(--global-kb-gap-md, 2rem);max-width:991px;margin-left:auto;margin-right:auto;padding-top:var(--global-kb-spacing-sm, 1.5rem);padding-bottom:var(--global-kb-spacing-sm, 1.5rem);grid-template-columns:minmax(0, 1fr);}.kb-row-layout-id545_78f44f-45 > .kt-row-layout-overlay{opacity:0.30;}@media all and (max-width: 1024px){.kb-row-layout-id545_78f44f-45 > .kt-row-column-wrap{grid-template-columns:minmax(0, 1fr);}}@media all and (max-width: 767px){.kb-row-layout-id545_78f44f-45 > .kt-row-column-wrap{padding-right:var(--global-kb-spacing-xxs, 0.5rem);padding-left:var(--global-kb-spacing-xxs, 0.5rem);grid-template-columns:minmax(0, 1fr);}}<\/style><div class=\"kb-row-layout-wrap kb-row-layout-id545_78f44f-45 alignnone wp-block-kadence-rowlayout\"><div class=\"kt-row-column-wrap kt-has-1-columns kt-row-layout-equal kt-tab-layout-inherit kt-mobile-layout-row kt-row-valign-top\">\n<style>.kadence-column545_0c17d3-bd > .kt-inside-inner-col,.kadence-column545_0c17d3-bd > .kt-inside-inner-col:before{border-top-left-radius:0px;border-top-right-radius:0px;border-bottom-right-radius:0px;border-bottom-left-radius:0px;}.kadence-column545_0c17d3-bd > .kt-inside-inner-col{column-gap:var(--global-kb-gap-sm, 1rem);}.kadence-column545_0c17d3-bd > .kt-inside-inner-col{flex-direction:column;}.kadence-column545_0c17d3-bd > .kt-inside-inner-col > .aligncenter{width:100%;}.kadence-column545_0c17d3-bd > .kt-inside-inner-col:before{opacity:0.3;}.kadence-column545_0c17d3-bd{position:relative;}@media all and (max-width: 1024px){.kadence-column545_0c17d3-bd > .kt-inside-inner-col{flex-direction:column;justify-content:center;}}@media all and (max-width: 767px){.kadence-column545_0c17d3-bd > .kt-inside-inner-col{flex-direction:column;justify-content:center;}}<\/style>\n<div class=\"wp-block-kadence-column kadence-column545_0c17d3-bd\"><div class=\"kt-inside-inner-col\"><div class=\"woocommerce columns-3 \"><\/div>\n<\/div><\/div>\n\n<\/div><\/div>\n\n\n<p class=\"has-text-align-center\">&nbsp;<\/p>\n","protected":false},"excerpt":{"rendered":"<p>Dovan\u0173 \u010dekis Smagu dovanoti dovan\u0105, kai \u017einai, kad ji bus \u012fvertinta \u201ePatiPati\u201c dovan\u0173 \u010dekis, tai labai paprastas ir i\u0161radingas b\u016bdas prad\u017eiuginti savo artimuosius.M\u016bs\u0173 elektroninis dovan\u0173 \u010dekis &#8211; tai puiki dovana \u0161eimos nariams arba draugams, j\u012f galite \u012fsigyti vos per kelias minutes. Elektroninis dovan\u0173 \u010dekis, \u012fsigytas el. parduotuv\u0117je www.patipati.lt, gali b\u016bti naudojamas tik internetin\u0117je parduotuv\u0117je. \u012esigytas [&hellip;]<\/p>\n","protected":false},"author":83,"featured_media":0,"parent":0,"menu_order":0,"comment_status":"closed","ping_status":"closed","template":"elementor_header_footer","meta":{"_gspb_post_css":"","_kad_blocks_custom_css":"","_kad_blocks_head_custom_js":"","_kad_blocks_body_custom_js":"","_kad_blocks_footer_custom_js":"","footnotes":""},"class_list":["post-545","page","type-page","status-publish","hentry"],"blocksy_meta":[],"taxonomy_info":[],"featured_image_src_large":false,"author_info":{"display_name":"Agne Ambrasaite","author_link":"https:\/\/patipati.lt\/en\/author\/testas-vip\/"},"comment_info":0,"_links":{"self":[{"href":"https:\/\/patipati.lt\/en\/wp-json\/wp\/v2\/pages\/545","targetHints":{"allow":["GET"]}}],"collection":[{"href":"https:\/\/patipati.lt\/en\/wp-json\/wp\/v2\/pages"}],"about":[{"href":"https:\/\/patipati.lt\/en\/wp-json\/wp\/v2\/types\/page"}],"author":[{"embeddable":true,"href":"https:\/\/patipati.lt\/en\/wp-json\/wp\/v2\/users\/83"}],"replies":[{"embeddable":true,"href":"https:\/\/patipati.lt\/en\/wp-json\/wp\/v2\/comments?post=545"}],"version-history":[{"count":0,"href":"https:\/\/patipati.lt\/en\/wp-json\/wp\/v2\/pages\/545\/revisions"}],"wp:attachment":[{"href":"https:\/\/patipati.lt\/en\/wp-json\/wp\/v2\/media?parent=545"}],"curies":[{"name":"wp","href":"https:\/\/api.w.org\/{rel}","templated":true}]}}